{"id":6583,"date":"2020-02-14T09:32:26","date_gmt":"2020-02-14T08:32:26","guid":{"rendered":"https:\/\/liletink.pl\/cart\/"},"modified":"2020-02-14T09:32:26","modified_gmt":"2020-02-14T08:32:26","slug":"cart","status":"publish","type":"page","link":"https:\/\/liletink.pl\/en\/cart\/","title":{"rendered":"Cart"},"content":{"rendered":"\n","protected":false},"excerpt":{"rendered":"","protected":false},"author":1,"featured_media":0,"parent":0,"menu_order":0,"comment_status":"closed","ping_status":"closed","template":"","meta":{"_acf_changed":false,"footnotes":""},"class_list":["post-6583","page","type-page","status-publish","hentry","wpautop"],"acf":[],"yoast_head":"<!-- This site is optimized with the Yoast SEO plugin v26.4 - https:\/\/yoast.com\/wordpress\/plugins\/seo\/ -->\n<title>Cart - LileTink<\/title>\n<meta name=\"robots\" content=\"noindex, follow\" \/>\n<meta property=\"og:locale\" content=\"en_US\" \/>\n<meta property=\"og:type\" content=\"article\" \/>\n<meta property=\"og:title\" content=\"Cart - LileTink\" \/>\n<meta property=\"og:url\" content=\"https:\/\/liletink.pl\/cart\/?lang=en\" \/>\n<meta property=\"og:site_name\" content=\"LileTink | Noside\u0142ko dla ma\u0142ych zwierz\u0105t\" \/>\n<meta name=\"twitter:card\" content=\"summary_large_image\" \/>\n<!-- \/ Yoast SEO plugin. -->","yoast_head_json":{"title":"Cart - LileTink","robots":{"index":"noindex","follow":"follow"},"og_locale":"en_US","og_type":"article","og_title":"Cart - LileTink","og_url":"https:\/\/liletink.pl\/cart\/?lang=en","og_site_name":"LileTink | Noside\u0142ko dla ma\u0142ych zwierz\u0105t","twitter_card":"summary_large_image","schema":{"@context":"https:\/\/schema.org","@graph":[{"@type":"WebPage","@id":"https:\/\/liletink.pl\/cart\/?lang=en","url":"https:\/\/liletink.pl\/cart\/?lang=en","name":"Cart - LileTink","isPartOf":{"@id":"https:\/\/liletink.pl\/#website"},"datePublished":"2020-02-14T08:32:26+00:00","breadcrumb":{"@id":"https:\/\/liletink.pl\/cart\/?lang=en#breadcrumb"},"inLanguage":"en-US","potentialAction":[{"@type":"ReadAction","target":["https:\/\/liletink.pl\/cart\/?lang=en"]}]},{"@type":"BreadcrumbList","@id":"https:\/\/liletink.pl\/cart\/?lang=en#breadcrumb","itemListElement":[{"@type":"ListItem","position":1,"name":"Start","item":"https:\/\/liletink.pl\/?lang=en"},{"@type":"ListItem","position":2,"name":"Cart"}]},{"@type":"WebSite","@id":"https:\/\/liletink.pl\/#website","url":"https:\/\/liletink.pl\/","name":"LileTink | Noside\u0142ko dla ma\u0142ych zwierz\u0105t","description":"","publisher":{"@id":"https:\/\/liletink.pl\/#organization"},"potentialAction":[{"@type":"SearchAction","target":{"@type":"EntryPoint","urlTemplate":"https:\/\/liletink.pl\/?s={search_term_string}"},"query-input":{"@type":"PropertyValueSpecification","valueRequired":true,"valueName":"search_term_string"}}],"inLanguage":"en-US"},{"@type":"Organization","@id":"https:\/\/liletink.pl\/#organization","name":"LileTink | Noside\u0142ko dla ma\u0142ych zwierz\u0105t","url":"https:\/\/liletink.pl\/","logo":{"@type":"ImageObject","inLanguage":"en-US","@id":"https:\/\/liletink.pl\/#\/schema\/logo\/image\/","url":"https:\/\/liletink.pl\/wp-content\/uploads\/2019\/12\/logo.png","contentUrl":"https:\/\/liletink.pl\/wp-content\/uploads\/2019\/12\/logo.png","width":122,"height":92,"caption":"LileTink | Noside\u0142ko dla ma\u0142ych zwierz\u0105t"},"image":{"@id":"https:\/\/liletink.pl\/#\/schema\/logo\/image\/"}}]}},"_links":{"self":[{"href":"https:\/\/liletink.pl\/en\/wp-json\/wp\/v2\/pages\/6583","targetHints":{"allow":["GET"]}}],"collection":[{"href":"https:\/\/liletink.pl\/en\/wp-json\/wp\/v2\/pages"}],"about":[{"href":"https:\/\/liletink.pl\/en\/wp-json\/wp\/v2\/types\/page"}],"author":[{"embeddable":true,"href":"https:\/\/liletink.pl\/en\/wp-json\/wp\/v2\/users\/1"}],"replies":[{"embeddable":true,"href":"https:\/\/liletink.pl\/en\/wp-json\/wp\/v2\/comments?post=6583"}],"version-history":[{"count":0,"href":"https:\/\/liletink.pl\/en\/wp-json\/wp\/v2\/pages\/6583\/revisions"}],"wp:attachment":[{"href":"https:\/\/liletink.pl\/en\/wp-json\/wp\/v2\/media?parent=6583"}],"curies":[{"name":"wp","href":"https:\/\/api.w.org\/{rel}","templated":true}]}}