{"id":6600,"date":"2019-12-17T08:27:59","date_gmt":"2019-12-17T07:27:59","guid":{"rendered":"https:\/\/liletink.pl\/nosidelko\/"},"modified":"2025-12-01T15:02:57","modified_gmt":"2025-12-01T14:02:57","slug":"carrier","status":"publish","type":"page","link":"https:\/\/liletink.pl\/en\/carrier\/","title":{"rendered":"Carrier"},"content":{"rendered":"<div class=\"subpage nosi1\">\n<div class=\"container\">\n<div class=\"row mb-70\">\n<div class=\"col-lg-4\">\n<h2 class=\"sec-hg violet\">Always by your side \u2013 stylish and comfortable LileTink carriers for small dogs and cats, perfect for walks, travel, and everyday outings<\/h2>\n<\/div>\n<div class=\"col-lg-2 col-flex line-vertical\"><img decoding=\"async\" width=\"1\" height=\"70\" class=\"alignnone size-full wp-image-164\" src=\"https:\/\/liletink.pl\/wp-content\/uploads\/2019\/12\/line_copy_2.png\" alt=\"noside\u0142ko dla psa kto to kupi\" \/><\/div>\n<div class=\"col-lg-6\">\n<h1 class=\"sec-hg--min\">Original pet carriers that will take the world by storm! Designer bags for small dogs and cats that provide comfort, safety, and full functionality <span style=\"color: #ffffff;\"><span style=\"font-size: xx-small;\">Carrier for dog<\/span><\/span><\/h1>\n<p data-start=\"69\" data-end=\"504\"><strong data-start=\"69\" data-end=\"149\">The LileTink carrier is a stylish balance between functionality and comfort.<\/strong><br data-start=\"149\" data-end=\"152\" \/>Functionality means practicality first and foremost \u2013 giving your pet the feeling of constant cuddling and being held, while keeping the owner\u2019s movements completely unrestricted. Comfort stands for the animal\u2019s safety and overall ease. One of the greatest advantages of this designer carrier is the sense of closeness it creates between pet and owner.<\/p>\n<p data-start=\"506\" data-end=\"857\"><strong data-start=\"506\" data-end=\"592\">The LileTink carrier is the perfect solution for small and extra-small dog breeds.<\/strong><br data-start=\"592\" data-end=\"595\" \/>Available in two sizes \u2013 \u201cS\u201d for pets up to 2.9 kg and \u201cM\u201d for those from 3 to 8 kg (and up to 10 kg for cats) \u2013 it\u2019s ideal as a carrier for Yorkies, Chihuahuas, Maltese dogs, puppies of all breeds, as well as for cats, rabbits, ferrets, and even little weasels.<\/p>\n<p data-start=\"859\" data-end=\"974\"><strong data-start=\"859\" data-end=\"974\">The LileTink bag perfectly complements everyday outfits \u2013 from casual and sporty looks to smart-casual styling.<\/strong><\/p>\n<p data-start=\"976\" data-end=\"1183\">Each carrier is produced in small batches, ensuring uniqueness. It\u2019s our way of showing appreciation to our customers \u2013 every pet carried in a LileTink carrier is just as special as they are to their owners.<\/p>\n<\/div>\n<\/div>\n<p><img decoding=\"async\" class=\"alignnone size-full wp-image-167\" src=\"https:\/\/liletink.pl\/wp-content\/uploads\/2019\/12\/nosidelko-foto.jpg\" alt=\"torba dla psa kto to kupi\" \/><\/p>\n<\/div>\n<\/div>\n<div class=\"subpage nosi2 mt-80\">\n<div class=\"container\">\n<div class=\"row mb-70\">\n<div class=\"col-12\">\n<h2 class=\"sec-hg--medium mb-20\">Carefree moments for 4 paws and 2 hands \u2013 practical carriers that guarantee freedom of movement, comfort for the owner, and safety for the pet<\/h2>\n<h3 class=\"capit mb-40\">A unique carrier for four-legged love<\/h3>\n<p>The LileTink dog carrier is a product for conscious and modern animal carers, for trendy animal lovers, for those who grab life with their two hands and four paws!<\/p>\n<ul class=\"std-list\">\n<li>For those living their urban life to the fullest &#8211; during everyday affairs, shopping, on the road on a city bike.<\/li>\n<li>For travelers on short and long distances &#8211; on the train, subway, public transport.<\/li>\n<li>For drivers &#8211; during short car rides.<\/li>\n<li>For active people &#8211; during short walks and long trips at the seaside or in the mountains.<\/li>\n<\/ul>\n<p>The dog bag will also phenomenally work in more difficult situations, when both the animal and the carer need support.<\/p>\n<ul class=\"std-list\">\n<li>For dogs\u2019 golden years \u2013 when paws and joints refuse to obey.<\/li>\n<li>For emergencies, vet visits, and recovery time.<\/li>\n<li>For the period of socialization of the dog with the external environment.<\/li>\n<\/ul>\n<p>If you run a hotel for animals, if you are a breeder or groomer, the LileTink carrier will introduce you to a different, deeper level of the relationship with four-legged pets.<\/p>\n<p><a href=\"https:\/\/liletink.pl\/kategoria-produktu\/1-torby-nosidelka-liletink\/?lang=en\">Check the current carrier collection in our store<\/a><br \/>\n<span style=\"color: #ffffff;\"><span style=\"font-size: xx-small;\">Torba dla psa Kto to kupi<\/span><\/span><\/p>\n<\/div>\n<\/div>\n<p><img decoding=\"async\" class=\"alignnone size-full wp-image-168\" src=\"https:\/\/liletink.pl\/wp-content\/uploads\/2019\/12\/nosidelko-foto-2.jpg\" alt=\"torba dla psa kto to kupi\" \/><\/p>\n<\/div>\n<\/div>\n<div class=\"subpage nosi2 mt-70\">\n<div class=\"container\">\n<div class=\"row\">\n<div class=\"col-12\">\n<h2 class=\"sec-hg--medium mb-20\">Safety &amp; comfort \u2013 ergonomic, durable, and ultra-comfortable carriers for small pets<\/h2>\n<h3 class=\"capit mb-40\">100% ORIGINAL PROPRIETARY DESIGN<\/h3>\n<p>LileTink would not be successful if it were not for excellent quality and high precision of its make. As a result, we managed to create a product that everyone is happy with &#8211; designers, customers and their pets.<\/p>\n<h3 class=\"capit mt-60 mb-30\">EACH LILETINK DOG OR CAT CARRIER HAS:<\/h3>\n<ul class=\"std-list\">\n<li><strong>evenly distributed weight<\/strong> thanks to the wide shoulder of the bag,<\/li>\n<li><strong>adjustable strap length<\/strong>, thanks to which the bag can be flexibly adjusted to your own height and maximized comfort of use,<\/li>\n<li><strong>a pocket secured with a zipper<\/strong>, that will fit a phone, wallet, tissues or pet treats (Plus models additionally have another, spacious pocket in the flap of the carrier),<\/li>\n<li><strong>a leash<\/strong> \u2013 for increased pet safety,<\/li>\n<li><strong>a pillow<\/strong> attached using Velcro inside the carrier &#8211; used as needed for greater comfort of the pet or as additional insulation in winter. The pillow made of soft Minky fleece can be easily removed and washed.<\/li>\n<\/ul>\n<p>All carriers are made in Poland, from high-quality cotton, with the \u00d6ko-tex standard certificate.<\/p>\n<p>Our precursor bags for dogs and cats are not all! In our store&#8217;s offer we also have\u00a0<strong>original accessories for pets<\/strong>\u00a0\u2013 among others: <a href=\"https:\/\/liletink.pl\/kategoria-produktu\/maty-samochodowe\/?lang=en\">designer and practical car mats<\/a> , <a href=\"https:\/\/liletink.pl\/kategoria-produktu\/legowiska-budki-namioty-tipi\/?lang=en\">dog beds<\/a> and gadgets, that will facilitate and make walks even more pleasant.<\/p>\n<h3 class=\"capit mt-60 mb-20\">DO YOU WISH TO HAVE THE PRODUCT OF THE YEAR IN THE ZOO INDUSTRY \u2013 ORIGINAL LILETINK CARRIER \u2013 IN YOUR OFFER?<\/h3>\n<p>We are happy to cooperate with pet stores. Contact us and we will present you an attractive offer.<br \/>\n<span style=\"color: #ffffff;\"><span style=\"font-size: xx-small;\">Torba dla psa Kto to kupi<\/span><\/span><\/p>\n<\/div>\n<\/div>\n<\/div>\n<\/div>\n","protected":false},"excerpt":{"rendered":"<p>Always by your side \u2013 stylish and comfortable LileTink carriers for small dogs and cats, perfect for walks, travel, and everyday outings Original pet carriers that will take the world by storm! Designer bags for small dogs and cats that provide comfort, safety, and full functionality Carrier for dog The LileTink carrier is a stylish [&hellip;]<\/p>\n","protected":false},"author":1,"featured_media":6589,"parent":0,"menu_order":0,"comment_status":"closed","ping_status":"closed","template":"","meta":{"_acf_changed":false,"footnotes":""},"class_list":["post-6600","page","type-page","status-publish","has-post-thumbnail","hentry","wpautop"],"acf":[],"yoast_head":"<!-- This site is optimized with the Yoast SEO plugin v26.4 - https:\/\/yoast.com\/wordpress\/plugins\/seo\/ -->\n<title>Torba dla psa LileTink - wyj\u0105tkowe noside\u0142ko tdla psa, torba dla kota<\/title>\n<meta name=\"description\" content=\"Oryginalne noside\u0142ko dla psa LileTink, torba dla psa, torba dla kota. Zapraszamy do naszego sklepu on-line z wysy\u0142k\u0105 na ca\u0142y \u015bwiat!\" \/>\n<meta name=\"robots\" content=\"index, follow, max-snippet:-1, max-image-preview:large, max-video-preview:-1\" \/>\n<link rel=\"canonical\" href=\"https:\/\/liletink.pl\/en\/carrier\/\" \/>\n<meta property=\"og:locale\" content=\"en_US\" \/>\n<meta property=\"og:type\" content=\"article\" \/>\n<meta property=\"og:title\" content=\"Torba dla psa LileTink - wyj\u0105tkowe noside\u0142ko tdla psa, torba dla kota\" \/>\n<meta property=\"og:description\" content=\"Oryginalne noside\u0142ko dla psa LileTink, torba dla psa, torba dla kota. Zapraszamy do naszego sklepu on-line z wysy\u0142k\u0105 na ca\u0142y \u015bwiat!\" \/>\n<meta property=\"og:url\" content=\"https:\/\/liletink.pl\/en\/carrier\/\" \/>\n<meta property=\"og:site_name\" content=\"LileTink | Noside\u0142ko dla ma\u0142ych zwierz\u0105t\" \/>\n<meta property=\"article:modified_time\" content=\"2025-12-01T14:02:57+00:00\" \/>\n<meta property=\"og:image\" content=\"https:\/\/liletink.pl\/wp-content\/uploads\/2020\/01\/Logo-z-psem-kw.jpg\" \/>\n\t<meta property=\"og:image:width\" content=\"733\" \/>\n\t<meta property=\"og:image:height\" content=\"733\" \/>\n\t<meta property=\"og:image:type\" content=\"image\/jpeg\" \/>\n<meta name=\"twitter:card\" content=\"summary_large_image\" \/>\n<meta name=\"twitter:label1\" content=\"Est. reading time\" \/>\n\t<meta name=\"twitter:data1\" content=\"5 minutes\" \/>\n<!-- \/ Yoast SEO plugin. -->","yoast_head_json":{"title":"Torba dla psa LileTink - wyj\u0105tkowe noside\u0142ko tdla psa, torba dla kota","description":"Oryginalne noside\u0142ko dla psa LileTink, torba dla psa, torba dla kota. Zapraszamy do naszego sklepu on-line z wysy\u0142k\u0105 na ca\u0142y \u015bwiat!","robots":{"index":"index","follow":"follow","max-snippet":"max-snippet:-1","max-image-preview":"max-image-preview:large","max-video-preview":"max-video-preview:-1"},"canonical":"https:\/\/liletink.pl\/en\/carrier\/","og_locale":"en_US","og_type":"article","og_title":"Torba dla psa LileTink - wyj\u0105tkowe noside\u0142ko tdla psa, torba dla kota","og_description":"Oryginalne noside\u0142ko dla psa LileTink, torba dla psa, torba dla kota. Zapraszamy do naszego sklepu on-line z wysy\u0142k\u0105 na ca\u0142y \u015bwiat!","og_url":"https:\/\/liletink.pl\/en\/carrier\/","og_site_name":"LileTink | Noside\u0142ko dla ma\u0142ych zwierz\u0105t","article_modified_time":"2025-12-01T14:02:57+00:00","og_image":[{"width":733,"height":733,"url":"https:\/\/liletink.pl\/wp-content\/uploads\/2020\/01\/Logo-z-psem-kw.jpg","type":"image\/jpeg"}],"twitter_card":"summary_large_image","twitter_misc":{"Est. reading time":"5 minutes"},"schema":{"@context":"https:\/\/schema.org","@graph":[{"@type":"WebPage","@id":"https:\/\/liletink.pl\/en\/carrier\/","url":"https:\/\/liletink.pl\/en\/carrier\/","name":"Torba dla psa LileTink - wyj\u0105tkowe noside\u0142ko tdla psa, torba dla kota","isPartOf":{"@id":"https:\/\/liletink.pl\/#website"},"primaryImageOfPage":{"@id":"https:\/\/liletink.pl\/en\/carrier\/#primaryimage"},"image":{"@id":"https:\/\/liletink.pl\/en\/carrier\/#primaryimage"},"thumbnailUrl":"https:\/\/liletink.pl\/wp-content\/uploads\/2020\/01\/Logo-z-psem-kw.jpg","datePublished":"2019-12-17T07:27:59+00:00","dateModified":"2025-12-01T14:02:57+00:00","description":"Oryginalne noside\u0142ko dla psa LileTink, torba dla psa, torba dla kota. Zapraszamy do naszego sklepu on-line z wysy\u0142k\u0105 na ca\u0142y \u015bwiat!","breadcrumb":{"@id":"https:\/\/liletink.pl\/en\/carrier\/#breadcrumb"},"inLanguage":"en-US","potentialAction":[{"@type":"ReadAction","target":["https:\/\/liletink.pl\/en\/carrier\/"]}]},{"@type":"ImageObject","inLanguage":"en-US","@id":"https:\/\/liletink.pl\/en\/carrier\/#primaryimage","url":"https:\/\/liletink.pl\/wp-content\/uploads\/2020\/01\/Logo-z-psem-kw.jpg","contentUrl":"https:\/\/liletink.pl\/wp-content\/uploads\/2020\/01\/Logo-z-psem-kw.jpg","width":733,"height":733,"caption":"torba dla psa kto to kupi"},{"@type":"BreadcrumbList","@id":"https:\/\/liletink.pl\/en\/carrier\/#breadcrumb","itemListElement":[{"@type":"ListItem","position":1,"name":"Start","item":"https:\/\/liletink.pl\/?lang=en"},{"@type":"ListItem","position":2,"name":"Carrier"}]},{"@type":"WebSite","@id":"https:\/\/liletink.pl\/#website","url":"https:\/\/liletink.pl\/","name":"LileTink | Noside\u0142ko dla ma\u0142ych zwierz\u0105t","description":"","publisher":{"@id":"https:\/\/liletink.pl\/#organization"},"potentialAction":[{"@type":"SearchAction","target":{"@type":"EntryPoint","urlTemplate":"https:\/\/liletink.pl\/?s={search_term_string}"},"query-input":{"@type":"PropertyValueSpecification","valueRequired":true,"valueName":"search_term_string"}}],"inLanguage":"en-US"},{"@type":"Organization","@id":"https:\/\/liletink.pl\/#organization","name":"LileTink | Noside\u0142ko dla ma\u0142ych zwierz\u0105t","url":"https:\/\/liletink.pl\/","logo":{"@type":"ImageObject","inLanguage":"en-US","@id":"https:\/\/liletink.pl\/#\/schema\/logo\/image\/","url":"https:\/\/liletink.pl\/wp-content\/uploads\/2019\/12\/logo.png","contentUrl":"https:\/\/liletink.pl\/wp-content\/uploads\/2019\/12\/logo.png","width":122,"height":92,"caption":"LileTink | Noside\u0142ko dla ma\u0142ych zwierz\u0105t"},"image":{"@id":"https:\/\/liletink.pl\/#\/schema\/logo\/image\/"}}]}},"_links":{"self":[{"href":"https:\/\/liletink.pl\/en\/wp-json\/wp\/v2\/pages\/6600","targetHints":{"allow":["GET"]}}],"collection":[{"href":"https:\/\/liletink.pl\/en\/wp-json\/wp\/v2\/pages"}],"about":[{"href":"https:\/\/liletink.pl\/en\/wp-json\/wp\/v2\/types\/page"}],"author":[{"embeddable":true,"href":"https:\/\/liletink.pl\/en\/wp-json\/wp\/v2\/users\/1"}],"replies":[{"embeddable":true,"href":"https:\/\/liletink.pl\/en\/wp-json\/wp\/v2\/comments?post=6600"}],"version-history":[{"count":3,"href":"https:\/\/liletink.pl\/en\/wp-json\/wp\/v2\/pages\/6600\/revisions"}],"predecessor-version":[{"id":13479,"href":"https:\/\/liletink.pl\/en\/wp-json\/wp\/v2\/pages\/6600\/revisions\/13479"}],"wp:featuredmedia":[{"embeddable":true,"href":"https:\/\/liletink.pl\/en\/wp-json\/wp\/v2\/media\/6589"}],"wp:attachment":[{"href":"https:\/\/liletink.pl\/en\/wp-json\/wp\/v2\/media?parent=6600"}],"curies":[{"name":"wp","href":"https:\/\/api.w.org\/{rel}","templated":true}]}}