{"id":7154,"date":"2017-04-03T17:29:40","date_gmt":"2017-04-03T15:29:40","guid":{"rendered":"https:\/\/liletink.pl\/sklep\/graf-plus\/"},"modified":"2025-02-15T10:27:50","modified_gmt":"2025-02-15T09:27:50","slug":"graf-plus","status":"publish","type":"product","link":"https:\/\/liletink.pl\/en\/sklep\/graf-plus\/","title":{"rendered":"GRAF plus"},"content":{"rendered":"<p><strong>LileTink carrier bag \/ sling has:<\/strong><span style=\"color: #ffffff;\"><span style=\"font-size: xx-small;\">mora dog sling<br \/>\n<\/span><\/span><br \/>\n<strong>A WIDE STRAP<\/strong>, which allows for comfortable carrying your pet. The weight is distributed evenly<br \/>\nand thereby you don\u2019t suffer when carrying your favorite even during long walks.<\/p>\n<p><strong>ADJUSTABLE LENGTH<\/strong> of the strap, through which the bag will fit perfectly to every person regardless of height or stature,<\/p>\n<p><strong>SOFT INSERT<\/strong> inside the bag for greater comfort your pet as well as additional warming in the winter (it is possible to buy additional insert separately \u2013 good to have two if one is just in the wash)<\/p>\n<p><strong>LEASH<\/strong> to attach your pet,<\/p>\n<p><strong>ZIPPED POCKET<\/strong> for phone, documents, wallet or pet treats,<\/p>\n<p>model <strong>\u201cplus\u201d<\/strong> has <strong>EXTRA BIG\u00a0ZIPPED POCKET<\/strong> in the front flap of carrier bag \u2013 perfect for tablet or favorite book.<\/p>\n","protected":false},"excerpt":{"rendered":"<p><strong>Model:<\/strong> LileTink GRAF PLUS<br \/>\n<strong>Colour:<\/strong> dark navy blue with red zips<br \/>\n<strong>Fabric:<\/strong> bag \u2013 cotton 100%,<br \/>\nsoft insert (pillow) \u2013 polyester 100%<br \/>\n<strong>Two sizes:<\/strong><br \/>\n<strong>\u201cS\u201d<\/strong> up to 2,5kg (5,5lb)<br \/>\n<strong>\u201cM\u201d<\/strong> from 2,5kg (5,5lb) up to 7kg (15,5lb)<br \/>\n&#8220;M&#8221; size fits for cats (eg. Maine Coon) up to 10kg (22lb).<\/p>\n<p>If the product is &#8220;available on backorder&#8221;, you can purchase it and we will sew it within 10 working days.<\/p>\n","protected":false},"featured_media":9396,"comment_status":"closed","ping_status":"closed","template":"","meta":{"_acf_changed":false},"product_brand":[],"product_cat":[28],"product_tag":[],"class_list":{"0":"post-7154","1":"product","2":"type-product","3":"status-publish","4":"has-post-thumbnail","6":"product_cat-1-torby-nosidelka-liletink","7":"pa_rozmiar-waga-zwierzaka-m-od-25kg-do-7kg-en","8":"wpautop","10":"first","11":"instock","12":"sale","13":"shipping-taxable","14":"purchasable","15":"product-type-variable"},"acf":[],"yoast_head":"<!-- This site is optimized with the Yoast SEO plugin v26.4 - https:\/\/yoast.com\/wordpress\/plugins\/seo\/ -->\n<title>GRAF plus - LileTink<\/title>\n<meta name=\"robots\" content=\"index, follow, max-snippet:-1, max-image-preview:large, max-video-preview:-1\" \/>\n<link rel=\"canonical\" href=\"https:\/\/liletink.pl\/en\/sklep\/graf-plus\/\" \/>\n<meta property=\"og:locale\" content=\"en_US\" \/>\n<meta property=\"og:type\" content=\"article\" \/>\n<meta property=\"og:title\" content=\"GRAF plus - LileTink\" \/>\n<meta property=\"og:description\" content=\"Model: LileTink GRAF PLUS Colour: dark navy blue with red zips Fabric: bag \u2013 cotton 100%, soft insert (pillow) \u2013 polyester 100% Two sizes: \u201cS\u201d up to 2,5kg (5,5lb) \u201cM\u201d from 2,5kg (5,5lb) up to 7kg (15,5lb) &quot;M&quot; size fits for cats (eg. Maine Coon) up to 10kg (22lb).  If the product is &quot;available on backorder&quot;, you can purchase it and we will sew it within 10 working days.\" \/>\n<meta property=\"og:url\" content=\"https:\/\/liletink.pl\/en\/sklep\/graf-plus\/\" \/>\n<meta property=\"og:site_name\" content=\"LileTink | Noside\u0142ko dla ma\u0142ych zwierz\u0105t\" \/>\n<meta property=\"article:modified_time\" content=\"2025-02-15T09:27:50+00:00\" \/>\n<meta property=\"og:image\" content=\"https:\/\/liletink.pl\/wp-content\/uploads\/2017\/04\/GRAF-PLUS-1.jpg\" \/>\n\t<meta property=\"og:image:width\" content=\"800\" \/>\n\t<meta property=\"og:image:height\" content=\"800\" \/>\n\t<meta property=\"og:image:type\" content=\"image\/jpeg\" \/>\n<meta name=\"twitter:card\" content=\"summary_large_image\" \/>\n<meta name=\"twitter:label1\" content=\"Est. reading time\" \/>\n\t<meta name=\"twitter:data1\" content=\"1 minute\" \/>\n<!-- \/ Yoast SEO plugin. -->","yoast_head_json":{"title":"GRAF plus - LileTink","robots":{"index":"index","follow":"follow","max-snippet":"max-snippet:-1","max-image-preview":"max-image-preview:large","max-video-preview":"max-video-preview:-1"},"canonical":"https:\/\/liletink.pl\/en\/sklep\/graf-plus\/","og_locale":"en_US","og_type":"article","og_title":"GRAF plus - LileTink","og_description":"Model: LileTink GRAF PLUS Colour: dark navy blue with red zips Fabric: bag \u2013 cotton 100%, soft insert (pillow) \u2013 polyester 100% Two sizes: \u201cS\u201d up to 2,5kg (5,5lb) \u201cM\u201d from 2,5kg (5,5lb) up to 7kg (15,5lb) \"M\" size fits for cats (eg. Maine Coon) up to 10kg (22lb).  If the product is \"available on backorder\", you can purchase it and we will sew it within 10 working days.","og_url":"https:\/\/liletink.pl\/en\/sklep\/graf-plus\/","og_site_name":"LileTink | Noside\u0142ko dla ma\u0142ych zwierz\u0105t","article_modified_time":"2025-02-15T09:27:50+00:00","og_image":[{"width":800,"height":800,"url":"https:\/\/liletink.pl\/wp-content\/uploads\/2017\/04\/GRAF-PLUS-1.jpg","type":"image\/jpeg"}],"twitter_card":"summary_large_image","twitter_misc":{"Est. reading time":"1 minute"},"schema":{"@context":"https:\/\/schema.org","@graph":[{"@type":"WebPage","@id":"https:\/\/liletink.pl\/en\/sklep\/graf-plus\/","url":"https:\/\/liletink.pl\/en\/sklep\/graf-plus\/","name":"GRAF plus - LileTink","isPartOf":{"@id":"https:\/\/liletink.pl\/#website"},"primaryImageOfPage":{"@id":"https:\/\/liletink.pl\/en\/sklep\/graf-plus\/#primaryimage"},"image":{"@id":"https:\/\/liletink.pl\/en\/sklep\/graf-plus\/#primaryimage"},"thumbnailUrl":"https:\/\/liletink.pl\/wp-content\/uploads\/2017\/04\/GRAF-PLUS-1.jpg","datePublished":"2017-04-03T15:29:40+00:00","dateModified":"2025-02-15T09:27:50+00:00","breadcrumb":{"@id":"https:\/\/liletink.pl\/en\/sklep\/graf-plus\/#breadcrumb"},"inLanguage":"en-US","potentialAction":[{"@type":"ReadAction","target":["https:\/\/liletink.pl\/en\/sklep\/graf-plus\/"]}]},{"@type":"ImageObject","inLanguage":"en-US","@id":"https:\/\/liletink.pl\/en\/sklep\/graf-plus\/#primaryimage","url":"https:\/\/liletink.pl\/wp-content\/uploads\/2017\/04\/GRAF-PLUS-1.jpg","contentUrl":"https:\/\/liletink.pl\/wp-content\/uploads\/2017\/04\/GRAF-PLUS-1.jpg","width":800,"height":800,"caption":"nosid\u0142o dla yorka"},{"@type":"BreadcrumbList","@id":"https:\/\/liletink.pl\/en\/sklep\/graf-plus\/#breadcrumb","itemListElement":[{"@type":"ListItem","position":1,"name":"Start","item":"https:\/\/liletink.pl\/?lang=en"},{"@type":"ListItem","position":2,"name":"Shop","item":"https:\/\/liletink.pl\/shop\/?lang=en"},{"@type":"ListItem","position":3,"name":"LileTink bags \/ carriers","item":"https:\/\/liletink.pl\/kategoria-produktu\/1-torby-nosidelka-liletink\/?lang=en"},{"@type":"ListItem","position":4,"name":"GRAF plus"}]},{"@type":"WebSite","@id":"https:\/\/liletink.pl\/#website","url":"https:\/\/liletink.pl\/","name":"LileTink | Noside\u0142ko dla ma\u0142ych zwierz\u0105t","description":"","publisher":{"@id":"https:\/\/liletink.pl\/#organization"},"potentialAction":[{"@type":"SearchAction","target":{"@type":"EntryPoint","urlTemplate":"https:\/\/liletink.pl\/?s={search_term_string}"},"query-input":{"@type":"PropertyValueSpecification","valueRequired":true,"valueName":"search_term_string"}}],"inLanguage":"en-US"},{"@type":"Organization","@id":"https:\/\/liletink.pl\/#organization","name":"LileTink | Noside\u0142ko dla ma\u0142ych zwierz\u0105t","url":"https:\/\/liletink.pl\/","logo":{"@type":"ImageObject","inLanguage":"en-US","@id":"https:\/\/liletink.pl\/#\/schema\/logo\/image\/","url":"https:\/\/liletink.pl\/wp-content\/uploads\/2019\/12\/logo.png","contentUrl":"https:\/\/liletink.pl\/wp-content\/uploads\/2019\/12\/logo.png","width":122,"height":92,"caption":"LileTink | Noside\u0142ko dla ma\u0142ych zwierz\u0105t"},"image":{"@id":"https:\/\/liletink.pl\/#\/schema\/logo\/image\/"}}]}},"_links":{"self":[{"href":"https:\/\/liletink.pl\/en\/wp-json\/wp\/v2\/product\/7154","targetHints":{"allow":["GET"]}}],"collection":[{"href":"https:\/\/liletink.pl\/en\/wp-json\/wp\/v2\/product"}],"about":[{"href":"https:\/\/liletink.pl\/en\/wp-json\/wp\/v2\/types\/product"}],"replies":[{"embeddable":true,"href":"https:\/\/liletink.pl\/en\/wp-json\/wp\/v2\/comments?post=7154"}],"wp:featuredmedia":[{"embeddable":true,"href":"https:\/\/liletink.pl\/en\/wp-json\/wp\/v2\/media\/9396"}],"wp:attachment":[{"href":"https:\/\/liletink.pl\/en\/wp-json\/wp\/v2\/media?parent=7154"}],"wp:term":[{"taxonomy":"product_brand","embeddable":true,"href":"https:\/\/liletink.pl\/en\/wp-json\/wp\/v2\/product_brand?post=7154"},{"taxonomy":"product_cat","embeddable":true,"href":"https:\/\/liletink.pl\/en\/wp-json\/wp\/v2\/product_cat?post=7154"},{"taxonomy":"product_tag","embeddable":true,"href":"https:\/\/liletink.pl\/en\/wp-json\/wp\/v2\/product_tag?post=7154"}],"curies":[{"name":"wp","href":"https:\/\/api.w.org\/{rel}","templated":true}]}}