{"id":7174,"date":"2016-11-10T17:32:46","date_gmt":"2016-11-10T16:32:46","guid":{"rendered":"https:\/\/liletink.pl\/sklep\/miska-podrozna-zielona\/"},"modified":"2016-11-10T17:32:46","modified_gmt":"2016-11-10T16:32:46","slug":"miska-podrozna-zielona","status":"publish","type":"product","link":"https:\/\/liletink.pl\/en\/sklep\/miska-podrozna-zielona\/","title":{"rendered":"Miska podr\u00f3\u017cna ZIELONA"},"content":{"rendered":"<h1><span style=\"color: #ffffff\">Miska dla psa, miska podr\u00f3\u017cna, miska sk\u0142adana, miska dla kota, miska silikonowa. Miska podr\u00f3\u017cna dla psa w e e r r r r r r r r r r r r r. R r r r r r r r r r p o i u y t r e. W q a s d f g h j k l l m n b v c x z a s d f g. T y u i o p l k j h g f d s a q w e t. b a s s d de e e e e e e e e e e. W e e e e e e. E e e e e e e e e e.\u00a0Miska dla psa, miska podr\u00f3\u017cna, miska sk\u0142adana, miska dla kota, miska silikonowa. Miska podr\u00f3\u017cna dla psa w e e r r r r r r r r r r r r r. r r r r r r r. r r r p o i u y t r e. W q a sd f g h j k l l m n b v c x z a s d f g. t y u i o p l k j h g f d s a q w e t. B a s s d de e. E e e e e e e e e. E e e e e e e. E e e e e e e e e e.<\/span><\/h1>\n<p>W podr\u00f3\u017cy czy na spacerze ka\u017cda dodatkowa rzecz, kt\u00f3ra zajmuje miejsce i nieraz sporo wa\u017cy ma znaczenie. <span style=\"color: #ffffff\">Miska podr\u00f3\u017cna dla psa.<\/span><\/p>\n<p>Dlatego \u015bwietnym rozwi\u0105zaniem jest sk\u0142adana miska podr\u00f3\u017cna dla psa, kota, czy innego Twojego pupila.<\/p>\n<p>Pojemno\u015b\u0107 miski to 400ml, \u00a0po z\u0142o\u017ceniu ma tylko 1cm wysoko\u015bci, a jej waga to zaledwie 65 gram.<\/p>\n<p>Dodatkowo miska wyposa\u017cona jest w karabi\u0144czyk, dzi\u0119ki czemu mo\u017cna j\u0105 przypi\u0105\u0107 np. do paska lub torby LileTink.<\/p>\n<h2><span style=\"color: #ffffff\">Miska dla psa, miska podr\u00f3\u017cna, miska sk\u0142adana, miska dla kota, miska silikonowa.<\/span><\/h2>\n<p><a href=\"http:\/\/www.liletink.pl\"><img decoding=\"async\" class=\"aligncenter size-full wp-image-3985\" src=\"http:\/\/liletink.pl\/wp-content\/uploads\/2015\/03\/nic.jpg\" alt=\"miska podr\u00f3\u017cna dla psa\" width=\"10\" height=\"10\" \/><\/a><\/p>\n","protected":false},"excerpt":{"rendered":"<p>Miska podr\u00f3\u017cna sk\u0142adana<\/p>\n<p>Kolor: zielony<\/p>\n<p>Pojemno\u015b\u0107: 400ml<\/p>\n<p>Wymiary: \u015brednica 13cm, wysoko\u015b\u0107 5,5cm, po z\u0142o\u017ceniu wysoko\u015b\u0107 to tylko 1cm \ud83d\ude42<\/p>\n<p>Waga: 65 g<\/p>\n<p>Materia\u0142: sylikon<\/p>\n","protected":false},"featured_media":6822,"comment_status":"closed","ping_status":"closed","template":"","meta":{"_acf_changed":false},"product_brand":[],"product_cat":[53],"product_tag":[],"class_list":{"0":"post-7174","1":"product","2":"type-product","3":"status-publish","4":"has-post-thumbnail","6":"product_cat-miski","7":"wpautop","9":"first","10":"instock","11":"sale","12":"featured","13":"shipping-taxable","14":"purchasable","15":"product-type-simple"},"acf":[],"yoast_head":"<!-- This site is optimized with the Yoast SEO plugin v26.4 - https:\/\/yoast.com\/wordpress\/plugins\/seo\/ -->\n<title>Miska podr\u00f3\u017cna ZIELONA - LileTink<\/title>\n<meta name=\"robots\" content=\"index, follow, max-snippet:-1, max-image-preview:large, max-video-preview:-1\" \/>\n<link rel=\"canonical\" href=\"https:\/\/liletink.pl\/sklep\/miska-podrozna-zielona\/?lang=en\" \/>\n<meta property=\"og:locale\" content=\"en_US\" \/>\n<meta property=\"og:type\" content=\"article\" \/>\n<meta property=\"og:title\" content=\"Miska podr\u00f3\u017cna ZIELONA - LileTink\" \/>\n<meta property=\"og:description\" content=\"Miska podr\u00f3\u017cna sk\u0142adana Kolor: zielony Pojemno\u015b\u0107: 400ml Wymiary: \u015brednica 13cm, wysoko\u015b\u0107 5,5cm, po z\u0142o\u017ceniu wysoko\u015b\u0107 to tylko 1cm :) Waga: 65 g Materia\u0142: sylikon\" \/>\n<meta property=\"og:url\" content=\"https:\/\/liletink.pl\/sklep\/miska-podrozna-zielona\/?lang=en\" \/>\n<meta property=\"og:site_name\" content=\"LileTink | Noside\u0142ko dla ma\u0142ych zwierz\u0105t\" \/>\n<meta property=\"og:image\" content=\"https:\/\/liletink.pl\/wp-content\/uploads\/2019\/12\/zielona1.jpg\" \/>\n\t<meta property=\"og:image:width\" content=\"400\" \/>\n\t<meta property=\"og:image:height\" content=\"400\" \/>\n\t<meta property=\"og:image:type\" content=\"image\/jpeg\" \/>\n<meta name=\"twitter:card\" content=\"summary_large_image\" \/>\n<meta name=\"twitter:label1\" content=\"Est. reading time\" \/>\n\t<meta name=\"twitter:data1\" content=\"2 minutes\" \/>\n<!-- \/ Yoast SEO plugin. -->","yoast_head_json":{"title":"Miska podr\u00f3\u017cna ZIELONA - LileTink","robots":{"index":"index","follow":"follow","max-snippet":"max-snippet:-1","max-image-preview":"max-image-preview:large","max-video-preview":"max-video-preview:-1"},"canonical":"https:\/\/liletink.pl\/sklep\/miska-podrozna-zielona\/?lang=en","og_locale":"en_US","og_type":"article","og_title":"Miska podr\u00f3\u017cna ZIELONA - LileTink","og_description":"Miska podr\u00f3\u017cna sk\u0142adana Kolor: zielony Pojemno\u015b\u0107: 400ml Wymiary: \u015brednica 13cm, wysoko\u015b\u0107 5,5cm, po z\u0142o\u017ceniu wysoko\u015b\u0107 to tylko 1cm :) Waga: 65 g Materia\u0142: sylikon","og_url":"https:\/\/liletink.pl\/sklep\/miska-podrozna-zielona\/?lang=en","og_site_name":"LileTink | Noside\u0142ko dla ma\u0142ych zwierz\u0105t","og_image":[{"width":400,"height":400,"url":"https:\/\/liletink.pl\/wp-content\/uploads\/2019\/12\/zielona1.jpg","type":"image\/jpeg"}],"twitter_card":"summary_large_image","twitter_misc":{"Est. reading time":"2 minutes"},"schema":{"@context":"https:\/\/schema.org","@graph":[{"@type":"WebPage","@id":"https:\/\/liletink.pl\/sklep\/miska-podrozna-zielona\/?lang=en","url":"https:\/\/liletink.pl\/sklep\/miska-podrozna-zielona\/?lang=en","name":"Miska podr\u00f3\u017cna ZIELONA - LileTink","isPartOf":{"@id":"https:\/\/liletink.pl\/#website"},"primaryImageOfPage":{"@id":"https:\/\/liletink.pl\/sklep\/miska-podrozna-zielona\/?lang=en#primaryimage"},"image":{"@id":"https:\/\/liletink.pl\/sklep\/miska-podrozna-zielona\/?lang=en#primaryimage"},"thumbnailUrl":"https:\/\/liletink.pl\/wp-content\/uploads\/2019\/12\/zielona1.jpg","datePublished":"2016-11-10T16:32:46+00:00","breadcrumb":{"@id":"https:\/\/liletink.pl\/sklep\/miska-podrozna-zielona\/?lang=en#breadcrumb"},"inLanguage":"en-US","potentialAction":[{"@type":"ReadAction","target":["https:\/\/liletink.pl\/sklep\/miska-podrozna-zielona\/?lang=en"]}]},{"@type":"ImageObject","inLanguage":"en-US","@id":"https:\/\/liletink.pl\/sklep\/miska-podrozna-zielona\/?lang=en#primaryimage","url":"https:\/\/liletink.pl\/wp-content\/uploads\/2019\/12\/zielona1.jpg","contentUrl":"https:\/\/liletink.pl\/wp-content\/uploads\/2019\/12\/zielona1.jpg","width":400,"height":400,"caption":"Miska podr\u00f3\u017cna ZIELONA"},{"@type":"BreadcrumbList","@id":"https:\/\/liletink.pl\/sklep\/miska-podrozna-zielona\/?lang=en#breadcrumb","itemListElement":[{"@type":"ListItem","position":1,"name":"Start","item":"https:\/\/liletink.pl\/?lang=en"},{"@type":"ListItem","position":2,"name":"Shop","item":"https:\/\/liletink.pl\/shop\/?lang=en"},{"@type":"ListItem","position":3,"name":"Miski \/ smaczki \/ inne akcesoria","item":"https:\/\/liletink.pl\/kategoria-produktu\/5-miski\/"},{"@type":"ListItem","position":4,"name":"Miska podr\u00f3\u017cna ZIELONA"}]},{"@type":"WebSite","@id":"https:\/\/liletink.pl\/#website","url":"https:\/\/liletink.pl\/","name":"LileTink | Noside\u0142ko dla ma\u0142ych zwierz\u0105t","description":"","publisher":{"@id":"https:\/\/liletink.pl\/#organization"},"potentialAction":[{"@type":"SearchAction","target":{"@type":"EntryPoint","urlTemplate":"https:\/\/liletink.pl\/?s={search_term_string}"},"query-input":{"@type":"PropertyValueSpecification","valueRequired":true,"valueName":"search_term_string"}}],"inLanguage":"en-US"},{"@type":"Organization","@id":"https:\/\/liletink.pl\/#organization","name":"LileTink | Noside\u0142ko dla ma\u0142ych zwierz\u0105t","url":"https:\/\/liletink.pl\/","logo":{"@type":"ImageObject","inLanguage":"en-US","@id":"https:\/\/liletink.pl\/#\/schema\/logo\/image\/","url":"https:\/\/liletink.pl\/wp-content\/uploads\/2019\/12\/logo.png","contentUrl":"https:\/\/liletink.pl\/wp-content\/uploads\/2019\/12\/logo.png","width":122,"height":92,"caption":"LileTink | Noside\u0142ko dla ma\u0142ych zwierz\u0105t"},"image":{"@id":"https:\/\/liletink.pl\/#\/schema\/logo\/image\/"}}]}},"_links":{"self":[{"href":"https:\/\/liletink.pl\/en\/wp-json\/wp\/v2\/product\/7174","targetHints":{"allow":["GET"]}}],"collection":[{"href":"https:\/\/liletink.pl\/en\/wp-json\/wp\/v2\/product"}],"about":[{"href":"https:\/\/liletink.pl\/en\/wp-json\/wp\/v2\/types\/product"}],"replies":[{"embeddable":true,"href":"https:\/\/liletink.pl\/en\/wp-json\/wp\/v2\/comments?post=7174"}],"wp:featuredmedia":[{"embeddable":true,"href":"https:\/\/liletink.pl\/en\/wp-json\/wp\/v2\/media\/6822"}],"wp:attachment":[{"href":"https:\/\/liletink.pl\/en\/wp-json\/wp\/v2\/media?parent=7174"}],"wp:term":[{"taxonomy":"product_brand","embeddable":true,"href":"https:\/\/liletink.pl\/en\/wp-json\/wp\/v2\/product_brand?post=7174"},{"taxonomy":"product_cat","embeddable":true,"href":"https:\/\/liletink.pl\/en\/wp-json\/wp\/v2\/product_cat?post=7174"},{"taxonomy":"product_tag","embeddable":true,"href":"https:\/\/liletink.pl\/en\/wp-json\/wp\/v2\/product_tag?post=7174"}],"curies":[{"name":"wp","href":"https:\/\/api.w.org\/{rel}","templated":true}]}}