{"id":7353,"date":"2020-03-13T17:50:46","date_gmt":"2020-03-13T16:50:46","guid":{"rendered":"https:\/\/liletink.pl\/?post_type=product&#038;p=7353"},"modified":"2025-04-09T13:16:38","modified_gmt":"2025-04-09T11:16:38","slug":"poduszeczka-minky-gray","status":"publish","type":"product","link":"https:\/\/liletink.pl\/en\/sklep\/poduszeczka-minky-gray\/","title":{"rendered":"Poduszeczka MINKY GRAY"},"content":{"rendered":"","protected":false},"excerpt":{"rendered":"<p>Poduszeczka \u2013 wymienny wk\u0142ad do torby LileTink<\/p>\n<p>Model: LileTink MINKY GRAY<\/p>\n<p>Kolor: szary<\/p>\n<p>Sk\u0142ad: 100% poliester (polar minky)<\/p>\n<p>Poduszeczka przypinana jest wewn\u0105trz torby LileTink na rzepy. S\u0142u\u017cy wi\u0119kszej wygodzie pupila, jak r\u00f3wnie\u017c jako dodatkowe ocieplenie w zimie.<\/p>\n","protected":false},"featured_media":6895,"comment_status":"closed","ping_status":"closed","template":"","meta":{"_acf_changed":false},"product_brand":[],"product_cat":[54,54,31,31],"product_tag":[],"class_list":{"0":"post-7353","1":"product","2":"type-product","3":"status-publish","4":"has-post-thumbnail","6":"product_cat-torby-nosidelka-liletink","8":"product_cat-5-miski","10":"wpautop","12":"first","13":"instock","14":"sale","15":"shipping-taxable","16":"purchasable","17":"product-type-simple"},"acf":[],"yoast_head":"<!-- This site is optimized with the Yoast SEO plugin v26.4 - https:\/\/yoast.com\/wordpress\/plugins\/seo\/ -->\n<title>Poduszeczka MINKY GRAY - LileTink<\/title>\n<meta name=\"robots\" content=\"index, follow, max-snippet:-1, max-image-preview:large, max-video-preview:-1\" \/>\n<link rel=\"canonical\" href=\"https:\/\/liletink.pl\/sklep\/poduszeczka-minky-gray\/?lang=en\" \/>\n<meta property=\"og:locale\" content=\"en_US\" \/>\n<meta property=\"og:type\" content=\"article\" \/>\n<meta property=\"og:title\" content=\"Poduszeczka MINKY GRAY - LileTink\" \/>\n<meta property=\"og:description\" content=\"Poduszeczka \u2013 wymienny wk\u0142ad do torby LileTink  Model: LileTink MINKY GRAY  Kolor: szary  Sk\u0142ad: 100% poliester (polar minky)  Poduszeczka przypinana jest wewn\u0105trz torby LileTink na rzepy. S\u0142u\u017cy wi\u0119kszej wygodzie pupila, jak r\u00f3wnie\u017c jako dodatkowe ocieplenie w zimie.\" \/>\n<meta property=\"og:url\" content=\"https:\/\/liletink.pl\/sklep\/poduszeczka-minky-gray\/?lang=en\" \/>\n<meta property=\"og:site_name\" content=\"LileTink | Noside\u0142ko dla ma\u0142ych zwierz\u0105t\" \/>\n<meta property=\"article:modified_time\" content=\"2025-04-09T11:16:38+00:00\" \/>\n<meta property=\"og:image\" content=\"https:\/\/liletink.pl\/wp-content\/uploads\/2019\/12\/poduszka-grey-m.jpg\" \/>\n\t<meta property=\"og:image:width\" content=\"1200\" \/>\n\t<meta property=\"og:image:height\" content=\"1200\" \/>\n\t<meta property=\"og:image:type\" content=\"image\/jpeg\" \/>\n<meta name=\"twitter:card\" content=\"summary_large_image\" \/>\n<meta name=\"twitter:label1\" content=\"Est. reading time\" \/>\n\t<meta name=\"twitter:data1\" content=\"1 minute\" \/>\n<!-- \/ Yoast SEO plugin. -->","yoast_head_json":{"title":"Poduszeczka MINKY GRAY - LileTink","robots":{"index":"index","follow":"follow","max-snippet":"max-snippet:-1","max-image-preview":"max-image-preview:large","max-video-preview":"max-video-preview:-1"},"canonical":"https:\/\/liletink.pl\/sklep\/poduszeczka-minky-gray\/?lang=en","og_locale":"en_US","og_type":"article","og_title":"Poduszeczka MINKY GRAY - LileTink","og_description":"Poduszeczka \u2013 wymienny wk\u0142ad do torby LileTink  Model: LileTink MINKY GRAY  Kolor: szary  Sk\u0142ad: 100% poliester (polar minky)  Poduszeczka przypinana jest wewn\u0105trz torby LileTink na rzepy. S\u0142u\u017cy wi\u0119kszej wygodzie pupila, jak r\u00f3wnie\u017c jako dodatkowe ocieplenie w zimie.","og_url":"https:\/\/liletink.pl\/sklep\/poduszeczka-minky-gray\/?lang=en","og_site_name":"LileTink | Noside\u0142ko dla ma\u0142ych zwierz\u0105t","article_modified_time":"2025-04-09T11:16:38+00:00","og_image":[{"width":1200,"height":1200,"url":"https:\/\/liletink.pl\/wp-content\/uploads\/2019\/12\/poduszka-grey-m.jpg","type":"image\/jpeg"}],"twitter_card":"summary_large_image","twitter_misc":{"Est. reading time":"1 minute"},"schema":{"@context":"https:\/\/schema.org","@graph":[{"@type":"WebPage","@id":"https:\/\/liletink.pl\/sklep\/poduszeczka-minky-gray\/?lang=en","url":"https:\/\/liletink.pl\/sklep\/poduszeczka-minky-gray\/?lang=en","name":"Poduszeczka MINKY GRAY - LileTink","isPartOf":{"@id":"https:\/\/liletink.pl\/#website"},"primaryImageOfPage":{"@id":"https:\/\/liletink.pl\/sklep\/poduszeczka-minky-gray\/?lang=en#primaryimage"},"image":{"@id":"https:\/\/liletink.pl\/sklep\/poduszeczka-minky-gray\/?lang=en#primaryimage"},"thumbnailUrl":"https:\/\/liletink.pl\/wp-content\/uploads\/2019\/12\/poduszka-grey-m.jpg","datePublished":"2020-03-13T16:50:46+00:00","dateModified":"2025-04-09T11:16:38+00:00","breadcrumb":{"@id":"https:\/\/liletink.pl\/sklep\/poduszeczka-minky-gray\/?lang=en#breadcrumb"},"inLanguage":"en-US","potentialAction":[{"@type":"ReadAction","target":["https:\/\/liletink.pl\/sklep\/poduszeczka-minky-gray\/?lang=en"]}]},{"@type":"ImageObject","inLanguage":"en-US","@id":"https:\/\/liletink.pl\/sklep\/poduszeczka-minky-gray\/?lang=en#primaryimage","url":"https:\/\/liletink.pl\/wp-content\/uploads\/2019\/12\/poduszka-grey-m.jpg","contentUrl":"https:\/\/liletink.pl\/wp-content\/uploads\/2019\/12\/poduszka-grey-m.jpg","width":1200,"height":1200,"caption":"Poduszeczka MINKY GRAY"},{"@type":"BreadcrumbList","@id":"https:\/\/liletink.pl\/sklep\/poduszeczka-minky-gray\/?lang=en#breadcrumb","itemListElement":[{"@type":"ListItem","position":1,"name":"Start","item":"https:\/\/liletink.pl\/?lang=en"},{"@type":"ListItem","position":2,"name":"Shop","item":"https:\/\/liletink.pl\/shop\/?lang=en"},{"@type":"ListItem","position":3,"name":"LileTink bags \/ carriers","item":"https:\/\/liletink.pl\/kategoria-produktu\/1-torby-nosidelka-liletink\/?lang=en"},{"@type":"ListItem","position":4,"name":"Poduszeczka MINKY GRAY"}]},{"@type":"WebSite","@id":"https:\/\/liletink.pl\/#website","url":"https:\/\/liletink.pl\/","name":"LileTink | Noside\u0142ko dla ma\u0142ych zwierz\u0105t","description":"","publisher":{"@id":"https:\/\/liletink.pl\/#organization"},"potentialAction":[{"@type":"SearchAction","target":{"@type":"EntryPoint","urlTemplate":"https:\/\/liletink.pl\/?s={search_term_string}"},"query-input":{"@type":"PropertyValueSpecification","valueRequired":true,"valueName":"search_term_string"}}],"inLanguage":"en-US"},{"@type":"Organization","@id":"https:\/\/liletink.pl\/#organization","name":"LileTink | Noside\u0142ko dla ma\u0142ych zwierz\u0105t","url":"https:\/\/liletink.pl\/","logo":{"@type":"ImageObject","inLanguage":"en-US","@id":"https:\/\/liletink.pl\/#\/schema\/logo\/image\/","url":"https:\/\/liletink.pl\/wp-content\/uploads\/2019\/12\/logo.png","contentUrl":"https:\/\/liletink.pl\/wp-content\/uploads\/2019\/12\/logo.png","width":122,"height":92,"caption":"LileTink | Noside\u0142ko dla ma\u0142ych zwierz\u0105t"},"image":{"@id":"https:\/\/liletink.pl\/#\/schema\/logo\/image\/"}}]}},"_links":{"self":[{"href":"https:\/\/liletink.pl\/en\/wp-json\/wp\/v2\/product\/7353","targetHints":{"allow":["GET"]}}],"collection":[{"href":"https:\/\/liletink.pl\/en\/wp-json\/wp\/v2\/product"}],"about":[{"href":"https:\/\/liletink.pl\/en\/wp-json\/wp\/v2\/types\/product"}],"replies":[{"embeddable":true,"href":"https:\/\/liletink.pl\/en\/wp-json\/wp\/v2\/comments?post=7353"}],"wp:featuredmedia":[{"embeddable":true,"href":"https:\/\/liletink.pl\/en\/wp-json\/wp\/v2\/media\/6895"}],"wp:attachment":[{"href":"https:\/\/liletink.pl\/en\/wp-json\/wp\/v2\/media?parent=7353"}],"wp:term":[{"taxonomy":"product_brand","embeddable":true,"href":"https:\/\/liletink.pl\/en\/wp-json\/wp\/v2\/product_brand?post=7353"},{"taxonomy":"product_cat","embeddable":true,"href":"https:\/\/liletink.pl\/en\/wp-json\/wp\/v2\/product_cat?post=7353"},{"taxonomy":"product_tag","embeddable":true,"href":"https:\/\/liletink.pl\/en\/wp-json\/wp\/v2\/product_tag?post=7353"}],"curies":[{"name":"wp","href":"https:\/\/api.w.org\/{rel}","templated":true}]}}